{"id":44776,"date":"2023-11-21T15:29:31","date_gmt":"2023-11-21T20:29:31","guid":{"rendered":"https:\/\/safi.com\/?post_type=product&#038;p=44776"},"modified":"2024-04-12T10:22:42","modified_gmt":"2024-04-12T14:22:42","slug":"cours-de-formation-conception-acier","status":"publish","type":"product","link":"https:\/\/safi.com\/fr\/shop\/cours-de-formation-conception-acier\/","title":{"rendered":"Conception Acier &#8211; Cours de formation"},"content":{"rendered":"<p>Cours de formation \u00e0 distance. Perfectionnez votre expertise en conception de charpentes d&#8217;acier : Ce cours vise \u00e0 d\u00e9velopper les comp\u00e9tences des participants dans la conception de structures en acier selon les normes CSA S16, CSA S136 et AISI S136, en utilisant le logiciel GSE Acier et la Calculatrice d\u2019acier.<\/p>\n","protected":false},"excerpt":{"rendered":"<p>Virtuel (\u00e0 distance)\u00a0 \u00a0|\u00a0 \u00a07\u00a0 heures admissibles (formation continue)<\/p>\n","protected":false},"featured_media":0,"template":"","meta":{"om_disable_all_campaigns":false},"product_brand":[],"product_cat":[],"product_tag":[],"class_list":{"0":"post-44776","1":"product","2":"type-product","3":"status-publish","5":"product_shipping_class-free-shipping-fr","7":"first","8":"instock","9":"sold-individually","10":"taxable","11":"shipping-taxable","12":"purchasable","13":"product-type-simple"},"yoast_head":"<!-- This site is optimized with the Yoast SEO Premium plugin v26.8 (Yoast SEO v27.3) - https:\/\/yoast.com\/product\/yoast-seo-premium-wordpress\/ -->\n<title>Cours de formation - Conception Acier<\/title>\n<meta name=\"description\" content=\"Formation Conception Acier - D\u00e9couvrez ce cours con\u00e7u pour faciliter la compr\u00e9hension et l&#039;application des fonctions de conception en acier.\" \/>\n<meta name=\"robots\" content=\"index, follow, max-snippet:-1, max-image-preview:large, max-video-preview:-1\" \/>\n<link rel=\"canonical\" href=\"https:\/\/safi.com\/fr\/shop\/cours-de-formation-conception-acier\/\" \/>\n<meta property=\"og:locale\" content=\"fr_FR\" \/>\n<meta property=\"og:type\" content=\"article\" \/>\n<meta property=\"og:title\" content=\"Conception Acier - Cours de formation\" \/>\n<meta property=\"og:description\" content=\"Formation Conception Acier - D\u00e9couvrez ce cours con\u00e7u pour faciliter la compr\u00e9hension et l&#039;application des fonctions de conception en acier.\" \/>\n<meta property=\"og:url\" content=\"https:\/\/safi.com\/fr\/shop\/cours-de-formation-conception-acier\/\" \/>\n<meta property=\"og:site_name\" content=\"SAFI\" \/>\n<meta property=\"article:publisher\" content=\"https:\/\/www.facebook.com\/SAFISoftware\/\" \/>\n<meta property=\"article:modified_time\" content=\"2024-04-12T14:22:42+00:00\" \/>\n<meta property=\"og:image\" content=\"https:\/\/safi.com\/wp-content\/uploads\/2022\/12\/Background.png\" \/>\n\t<meta property=\"og:image:width\" content=\"2048\" \/>\n\t<meta property=\"og:image:height\" content=\"1122\" \/>\n\t<meta property=\"og:image:type\" content=\"image\/png\" \/>\n<meta name=\"twitter:card\" content=\"summary_large_image\" \/>\n<meta name=\"twitter:label1\" content=\"Dur\u00e9e de lecture estim\u00e9e\" \/>\n\t<meta name=\"twitter:data1\" content=\"1 minute\" \/>\n<script type=\"application\/ld+json\" class=\"yoast-schema-graph\">{\"@context\":\"https:\\\/\\\/schema.org\",\"@graph\":[{\"@type\":\"WebPage\",\"@id\":\"https:\\\/\\\/safi.com\\\/fr\\\/shop\\\/cours-de-formation-conception-acier\\\/\",\"url\":\"https:\\\/\\\/safi.com\\\/fr\\\/shop\\\/cours-de-formation-conception-acier\\\/\",\"name\":\"Cours de formation - Conception Acier\",\"isPartOf\":{\"@id\":\"https:\\\/\\\/safi.com\\\/#website\"},\"datePublished\":\"2023-11-21T20:29:31+00:00\",\"dateModified\":\"2024-04-12T14:22:42+00:00\",\"description\":\"Formation Conception Acier - D\u00e9couvrez ce cours con\u00e7u pour faciliter la compr\u00e9hension et l'application des fonctions de conception en acier.\",\"breadcrumb\":{\"@id\":\"https:\\\/\\\/safi.com\\\/fr\\\/shop\\\/cours-de-formation-conception-acier\\\/#breadcrumb\"},\"inLanguage\":\"fr-FR\",\"potentialAction\":[{\"@type\":\"ReadAction\",\"target\":[\"https:\\\/\\\/safi.com\\\/fr\\\/shop\\\/cours-de-formation-conception-acier\\\/\"]}]},{\"@type\":\"BreadcrumbList\",\"@id\":\"https:\\\/\\\/safi.com\\\/fr\\\/shop\\\/cours-de-formation-conception-acier\\\/#breadcrumb\",\"itemListElement\":[{\"@type\":\"ListItem\",\"position\":1,\"name\":\"Home\",\"item\":\"https:\\\/\\\/safi.com\\\/\"},{\"@type\":\"ListItem\",\"position\":2,\"name\":\"Products\",\"item\":\"https:\\\/\\\/safi.com\\\/shop\\\/\"},{\"@type\":\"ListItem\",\"position\":3,\"name\":\"Conception Acier &#8211; Cours de formation\"}]},{\"@type\":\"WebSite\",\"@id\":\"https:\\\/\\\/safi.com\\\/#website\",\"url\":\"https:\\\/\\\/safi.com\\\/\",\"name\":\"SAFI\",\"description\":\"Structural Software\",\"publisher\":{\"@id\":\"https:\\\/\\\/safi.com\\\/#organization\"},\"potentialAction\":[{\"@type\":\"SearchAction\",\"target\":{\"@type\":\"EntryPoint\",\"urlTemplate\":\"https:\\\/\\\/safi.com\\\/?s={search_term_string}\"},\"query-input\":{\"@type\":\"PropertyValueSpecification\",\"valueRequired\":true,\"valueName\":\"search_term_string\"}}],\"inLanguage\":\"fr-FR\"},{\"@type\":\"Organization\",\"@id\":\"https:\\\/\\\/safi.com\\\/#organization\",\"name\":\"SAFI\",\"url\":\"https:\\\/\\\/safi.com\\\/\",\"logo\":{\"@type\":\"ImageObject\",\"inLanguage\":\"fr-FR\",\"@id\":\"https:\\\/\\\/safi.com\\\/#\\\/schema\\\/logo\\\/image\\\/\",\"url\":\"\",\"contentUrl\":\"\",\"caption\":\"SAFI\"},\"image\":{\"@id\":\"https:\\\/\\\/safi.com\\\/#\\\/schema\\\/logo\\\/image\\\/\"},\"sameAs\":[\"https:\\\/\\\/www.facebook.com\\\/SAFISoftware\\\/\",\"https:\\\/\\\/www.linkedin.com\\\/company\\\/safi-quality-software-inc\\\/\",\"https:\\\/\\\/www.youtube.com\\\/channel\\\/UC5HRV7f5SFEY1ESle2JrxoQ\"]}]}<\/script>\n<!-- \/ Yoast SEO Premium plugin. -->","yoast_head_json":{"title":"Cours de formation - Conception Acier","description":"Formation Conception Acier - D\u00e9couvrez ce cours con\u00e7u pour faciliter la compr\u00e9hension et l'application des fonctions de conception en acier.","robots":{"index":"index","follow":"follow","max-snippet":"max-snippet:-1","max-image-preview":"max-image-preview:large","max-video-preview":"max-video-preview:-1"},"canonical":"https:\/\/safi.com\/fr\/shop\/cours-de-formation-conception-acier\/","og_locale":"fr_FR","og_type":"article","og_title":"Conception Acier - Cours de formation","og_description":"Formation Conception Acier - D\u00e9couvrez ce cours con\u00e7u pour faciliter la compr\u00e9hension et l'application des fonctions de conception en acier.","og_url":"https:\/\/safi.com\/fr\/shop\/cours-de-formation-conception-acier\/","og_site_name":"SAFI","article_publisher":"https:\/\/www.facebook.com\/SAFISoftware\/","article_modified_time":"2024-04-12T14:22:42+00:00","og_image":[{"width":2048,"height":1122,"url":"https:\/\/safi.com\/wp-content\/uploads\/2022\/12\/Background.png","type":"image\/png"}],"twitter_card":"summary_large_image","twitter_misc":{"Dur\u00e9e de lecture estim\u00e9e":"1 minute"},"schema":{"@context":"https:\/\/schema.org","@graph":[{"@type":"WebPage","@id":"https:\/\/safi.com\/fr\/shop\/cours-de-formation-conception-acier\/","url":"https:\/\/safi.com\/fr\/shop\/cours-de-formation-conception-acier\/","name":"Cours de formation - Conception Acier","isPartOf":{"@id":"https:\/\/safi.com\/#website"},"datePublished":"2023-11-21T20:29:31+00:00","dateModified":"2024-04-12T14:22:42+00:00","description":"Formation Conception Acier - D\u00e9couvrez ce cours con\u00e7u pour faciliter la compr\u00e9hension et l'application des fonctions de conception en acier.","breadcrumb":{"@id":"https:\/\/safi.com\/fr\/shop\/cours-de-formation-conception-acier\/#breadcrumb"},"inLanguage":"fr-FR","potentialAction":[{"@type":"ReadAction","target":["https:\/\/safi.com\/fr\/shop\/cours-de-formation-conception-acier\/"]}]},{"@type":"BreadcrumbList","@id":"https:\/\/safi.com\/fr\/shop\/cours-de-formation-conception-acier\/#breadcrumb","itemListElement":[{"@type":"ListItem","position":1,"name":"Home","item":"https:\/\/safi.com\/"},{"@type":"ListItem","position":2,"name":"Products","item":"https:\/\/safi.com\/shop\/"},{"@type":"ListItem","position":3,"name":"Conception Acier &#8211; Cours de formation"}]},{"@type":"WebSite","@id":"https:\/\/safi.com\/#website","url":"https:\/\/safi.com\/","name":"SAFI","description":"Structural Software","publisher":{"@id":"https:\/\/safi.com\/#organization"},"potentialAction":[{"@type":"SearchAction","target":{"@type":"EntryPoint","urlTemplate":"https:\/\/safi.com\/?s={search_term_string}"},"query-input":{"@type":"PropertyValueSpecification","valueRequired":true,"valueName":"search_term_string"}}],"inLanguage":"fr-FR"},{"@type":"Organization","@id":"https:\/\/safi.com\/#organization","name":"SAFI","url":"https:\/\/safi.com\/","logo":{"@type":"ImageObject","inLanguage":"fr-FR","@id":"https:\/\/safi.com\/#\/schema\/logo\/image\/","url":"","contentUrl":"","caption":"SAFI"},"image":{"@id":"https:\/\/safi.com\/#\/schema\/logo\/image\/"},"sameAs":["https:\/\/www.facebook.com\/SAFISoftware\/","https:\/\/www.linkedin.com\/company\/safi-quality-software-inc\/","https:\/\/www.youtube.com\/channel\/UC5HRV7f5SFEY1ESle2JrxoQ"]}]}},"_links":{"self":[{"href":"https:\/\/safi.com\/fr\/wp-json\/wp\/v2\/product\/44776","targetHints":{"allow":["GET"]}}],"collection":[{"href":"https:\/\/safi.com\/fr\/wp-json\/wp\/v2\/product"}],"about":[{"href":"https:\/\/safi.com\/fr\/wp-json\/wp\/v2\/types\/product"}],"version-history":[{"count":0,"href":"https:\/\/safi.com\/fr\/wp-json\/wp\/v2\/product\/44776\/revisions"}],"wp:attachment":[{"href":"https:\/\/safi.com\/fr\/wp-json\/wp\/v2\/media?parent=44776"}],"wp:term":[{"taxonomy":"product_brand","embeddable":true,"href":"https:\/\/safi.com\/fr\/wp-json\/wp\/v2\/product_brand?post=44776"},{"taxonomy":"product_cat","embeddable":true,"href":"https:\/\/safi.com\/fr\/wp-json\/wp\/v2\/product_cat?post=44776"},{"taxonomy":"product_tag","embeddable":true,"href":"https:\/\/safi.com\/fr\/wp-json\/wp\/v2\/product_tag?post=44776"}],"curies":[{"name":"wp","href":"https:\/\/api.w.org\/{rel}","templated":true}]}}